{"id":54,"date":"2020-01-29T10:37:46","date_gmt":"2020-01-29T10:37:46","guid":{"rendered":"https:\/\/ramiengala.de\/?page_id=54"},"modified":"2023-07-11T15:46:17","modified_gmt":"2023-07-11T15:46:17","slug":"zaunbau","status":"publish","type":"page","link":"https:\/\/ramiengala.de\/index.php\/zaunbau\/","title":{"rendered":"Zaunbau"},"content":{"rendered":"<div id='av_section_1'  class='avia-section main_color avia-section-default avia-no-border-styling  avia-full-stretch av-parallax-section avia-bg-style-parallax  avia-builder-el-0  el_before_av_heading  avia-builder-el-first   av-minimum-height av-minimum-height-custom  container_wrap fullsize' style=' '  data-section-bg-repeat='stretch'><div class='av-parallax' data-avia-parallax-ratio='0.3' ><div class='av-parallax-inner main_color  avia-full-stretch' style = 'background-repeat: no-repeat; background-image: url(https:\/\/ramiengala.de\/wp-content\/uploads\/2020\/02\/fence-4693465_1920_.jpg);background-attachment: scroll; background-position: top left; ' ><\/div><\/div><div class='container' style='height:500px'><main  role=\"main\" itemprop=\"mainContentOfPage\"  class='template-page content  av-content-full alpha units'><div class='post-entry post-entry-type-page post-entry-54'><div class='entry-content-wrapper clearfix'><\/div><\/div><\/main><!-- close content main element --><\/div><\/div><div id='after_section_1'  class='main_color av_default_container_wrap container_wrap fullsize' style=' '  ><div class='container' ><div class='template-page content  av-content-full alpha units'><div class='post-entry post-entry-type-page post-entry-54'><div class='entry-content-wrapper clearfix'>\n<div  style='padding-bottom:10px; color:#83a846;' class='av-special-heading av-special-heading-h2 custom-color-heading blockquote classic-quote  avia-builder-el-1  el_after_av_section  el_before_av_textblock  avia-builder-el-first  '><h2 class='av-special-heading-tag '  itemprop=\"headline\"  >Zaunbau<\/h2><div class='special-heading-border'><div class='special-heading-inner-border' style='border-color:#83a846'><\/div><\/div><\/div>\n<section class=\"av_textblock_section \"  itemscope=\"itemscope\" itemtype=\"https:\/\/schema.org\/CreativeWork\" ><div class='avia_textblock  '   itemprop=\"text\" ><p><span style=\"font-size: medium;\">Z\u00e4une sind so individuell wie die Grundst\u00fccke, f\u00fcr die sie ben\u00f6tigt werden. Wir beraten Sie ausf\u00fchrlich bei der Auswahl, damit Ihren Anspr\u00fcchen entsprechend die richtige Wahl bei der von Ihnen gew\u00fcnschten Einz\u00e4unung getroffen wird. <\/span><\/p>\n<p><span style=\"font-size: medium;\">Hierbei spielt neben Form und Farbe das richtige Material eine gro\u00dfe Rolle. Wir liefern und montieren Holzz\u00e4une, Metallz\u00e4une, Drahtz\u00e4une oder auch Kunststoffz\u00e4une und Gabionen und Z\u00e4une aus anderen Naturmaterialien. Auch wenn es um die Instandhaltung Ihrer vorhandenen Zaunanlage geht, sind wir gerne Ihr Partner.<\/span><\/p>\n<p><span style=\"font-size: small;\"><span style=\"font-size: medium;\">Unsere <a href=\"https:\/\/ramiengala.de\/index.php\/leistungen\/\">Leistungen<\/a> <\/span><span style=\"font-size: medium;\">als Zaunbauer <\/span><span style=\"font-size: medium;\">sind vielf\u00e4ltig. Vereinbaren Sie noch heute einen Beratungstermin unter <strong>Tel.: 0441-83913<\/strong> oder \u00fcber unser <a href=\"https:\/\/ramiengala.de\/index.php\/kontakt\/\">Kontaktformular<\/a>.<\/span><b><span style=\"font-size: medium;\"> Wir freuen uns auf Ihre Anfrage!<\/span><\/b><\/span><\/p>\n<\/div><\/section>\n<div  class='av-horizontal-gallery av-horizontal-gallery-large-gap av-horizontal-gallery-enlarge-effect av-horizontal-gallery-1  avia-builder-el-3  el_after_av_textblock  avia-builder-el-last  av-control-default '  itemprop=\"image\" itemscope=\"itemscope\" itemtype=\"https:\/\/schema.org\/ImageObject\"  style='padding: 2.25% 0px;' data-av-enlarge='1.3'  ><div class='avia-slideshow-arrows avia-slideshow-controls'><a href='#prev' class='prev-slide av-horizontal-gallery-prev' aria-hidden='true' data-av_icon='\ue87c' data-av_iconfont='entypo-fontello'>Zur\u00fcck<\/a><a href='#next' class='next-slide av-horizontal-gallery-next' aria-hidden='true' data-av_icon='\ue87d' data-av_iconfont='entypo-fontello'>Weiter <\/a><\/div><div class='av-horizontal-gallery-inner' style='padding-bottom:15%' data-av-height='15'><div class='av-horizontal-gallery-slider'><div class='av-horizontal-gallery-wrap noHover'><img class='av-horizontal-gallery-img' width='675' height='1000' src='https:\/\/ramiengala.de\/wp-content\/uploads\/2020\/02\/Ramiengala-Gartenzaun-Metall-Pixabay-Ulrike-Leone-fence-2889698_1920.jpg' title='Ramiengala Gartenzaun Metall Pixabay Ulrike Leone fence-2889698_1920' alt='zaumbau oldenburg ramiengala foto pixabay ulrike leone fence' \/><a href='https:\/\/ramiengala.de\/wp-content\/uploads\/2020\/02\/Ramiengala-Gartenzaun-Metall-Pixabay-Ulrike-Leone-fence-2889698_1920.jpg'  class='av-horizontal-gallery-link' aria-hidden='true' data-av_icon='\ue869' data-av_iconfont='entypo-fontello' title='Ramiengala Gartenzaun Metall Pixabay Ulrike Leone fence-2889698_1920'><\/a><\/div><div class='av-horizontal-gallery-wrap noHover'><img class='av-horizontal-gallery-img' width='1000' height='604' src='https:\/\/ramiengala.de\/wp-content\/uploads\/2023\/07\/kunststoffzaun_zaunbau_oldenburg.jpg' title='Ein neuer Zaun als Sichtschutz und zur Sicherung Ihres Gartens aus Kunststoff. W\u00e4hlen Sie Farben und Form. Informationen Zaunbau Oldenburg Ramiengala Tel: 0441-83913 www.ramiengala.de' alt='kunststoffzaun_zaunbau_oldenburg' \/><a href='https:\/\/ramiengala.de\/wp-content\/uploads\/2023\/07\/kunststoffzaun_zaunbau_oldenburg.jpg'  class='av-horizontal-gallery-link' aria-hidden='true' data-av_icon='\ue869' data-av_iconfont='entypo-fontello' title='Ein neuer Zaun als Sichtschutz und zur Sicherung Ihres Gartens aus Kunststoff. W\u00e4hlen Sie Farben und Form. Informationen Zaunbau Oldenburg Ramiengala Tel: 0441-83913 www.ramiengala.de'><\/a><\/div><div class='av-horizontal-gallery-wrap noHover'><img class='av-horizontal-gallery-img' width='1000' height='900' src='https:\/\/ramiengala.de\/wp-content\/uploads\/2020\/02\/Ramiengala-Oldenburg-Zaun-mit-Schnee-Pixabay-Annette-Meyer-snow-4805752_1920.jpg' title='Ramiengala Oldenburg Zaun mit Schnee Pixabay Annette Meyer snow-4805752_1920' alt='schnee im maschendrahtzaun foto pixabay annette meyer' \/><a href='https:\/\/ramiengala.de\/wp-content\/uploads\/2020\/02\/Ramiengala-Oldenburg-Zaun-mit-Schnee-Pixabay-Annette-Meyer-snow-4805752_1920.jpg'  class='av-horizontal-gallery-link' aria-hidden='true' data-av_icon='\ue869' data-av_iconfont='entypo-fontello' title='Ramiengala Oldenburg Zaun mit Schnee Pixabay Annette Meyer snow-4805752_1920'><\/a><\/div><div class='av-horizontal-gallery-wrap noHover'><img class='av-horizontal-gallery-img' width='1000' height='665' src='https:\/\/ramiengala.de\/wp-content\/uploads\/2020\/02\/Ramiengala-Gartenzaun-Pixabay-garden-fence-3499214_1920.jpg' title='Ramiengala Gartenzaun Pixabay garden-fence-3499214_1920' alt='gartenzaun zaunbau oldenburg ramiengala foto pixabay garden' \/><a href='https:\/\/ramiengala.de\/wp-content\/uploads\/2020\/02\/Ramiengala-Gartenzaun-Pixabay-garden-fence-3499214_1920.jpg'  class='av-horizontal-gallery-link' aria-hidden='true' data-av_icon='\ue869' data-av_iconfont='entypo-fontello' title='Ramiengala Gartenzaun Pixabay garden-fence-3499214_1920'><\/a><\/div><div class='av-horizontal-gallery-wrap noHover'><img class='av-horizontal-gallery-img' width='667' height='1000' src='https:\/\/ramiengala.de\/wp-content\/uploads\/2020\/02\/Ramiengala-Oldenburg-Pixabay-Zaun-fence-4674857_1920.jpg' title='Ramiengala Oldenburg Pixabay Zaun fence-4674857_1920' alt='holzzaun zaunbau oldenburg ramiengala foto pixabay' \/><a href='https:\/\/ramiengala.de\/wp-content\/uploads\/2020\/02\/Ramiengala-Oldenburg-Pixabay-Zaun-fence-4674857_1920.jpg'  class='av-horizontal-gallery-link' aria-hidden='true' data-av_icon='\ue869' data-av_iconfont='entypo-fontello' title='Ramiengala Oldenburg Pixabay Zaun fence-4674857_1920'><\/a><\/div><div class='av-horizontal-gallery-wrap noHover'><img class='av-horizontal-gallery-img' width='1024' height='683' src='https:\/\/ramiengala.de\/wp-content\/uploads\/2020\/02\/fence-4693465_1920-1024x683.jpg' title='Holzz\u00e4une im Garten - Gartenbau + Zaunbau Oldenburg www.Ramiengala.de' alt='holzzaun im garten' \/><a href='https:\/\/ramiengala.de\/wp-content\/uploads\/2020\/02\/fence-4693465_1920-1024x683.jpg'  class='av-horizontal-gallery-link' aria-hidden='true' data-av_icon='\ue869' data-av_iconfont='entypo-fontello' title='Holzz\u00e4une im Garten - Gartenbau + Zaunbau Oldenburg www.Ramiengala.de'><\/a><\/div><\/div><\/div><\/div>\n","protected":false},"excerpt":{"rendered":"","protected":false},"author":2,"featured_media":0,"parent":0,"menu_order":0,"comment_status":"closed","ping_status":"closed","template":"","meta":{"_seopress_robots_primary_cat":"","_seopress_titles_title":"Zaunbau Oldenburg Ramiengala Tel.: 0441-83913","_seopress_titles_desc":"Wir setzen Ihren Wunschzaun. Ramiengala Oldenburg Niedersachsen \u260e Tel.: 0441-83913 \u2713","_seopress_robots_index":"","footnotes":""},"class_list":["post-54","page","type-page","status-publish","hentry"],"_links":{"self":[{"href":"https:\/\/ramiengala.de\/index.php\/wp-json\/wp\/v2\/pages\/54"}],"collection":[{"href":"https:\/\/ramiengala.de\/index.php\/wp-json\/wp\/v2\/pages"}],"about":[{"href":"https:\/\/ramiengala.de\/index.php\/wp-json\/wp\/v2\/types\/page"}],"author":[{"embeddable":true,"href":"https:\/\/ramiengala.de\/index.php\/wp-json\/wp\/v2\/users\/2"}],"replies":[{"embeddable":true,"href":"https:\/\/ramiengala.de\/index.php\/wp-json\/wp\/v2\/comments?post=54"}],"version-history":[{"count":15,"href":"https:\/\/ramiengala.de\/index.php\/wp-json\/wp\/v2\/pages\/54\/revisions"}],"predecessor-version":[{"id":832,"href":"https:\/\/ramiengala.de\/index.php\/wp-json\/wp\/v2\/pages\/54\/revisions\/832"}],"wp:attachment":[{"href":"https:\/\/ramiengala.de\/index.php\/wp-json\/wp\/v2\/media?parent=54"}],"curies":[{"name":"wp","href":"https:\/\/api.w.org\/{rel}","templated":true}]}}