{"id":48,"date":"2020-01-29T10:37:15","date_gmt":"2020-01-29T10:37:15","guid":{"rendered":"https:\/\/ramiengala.de\/?page_id=48"},"modified":"2020-02-20T19:50:25","modified_gmt":"2020-02-20T19:50:25","slug":"grundstueckspflege","status":"publish","type":"page","link":"https:\/\/ramiengala.de\/index.php\/grundstueckspflege\/","title":{"rendered":"Grundst\u00fcckspflege"},"content":{"rendered":"<div id='av_section_1'  class='avia-section main_color avia-section-default avia-no-border-styling  av-parallax-section avia-bg-style-parallax  avia-builder-el-0  el_before_av_heading  avia-builder-el-first   av-minimum-height av-minimum-height-custom  container_wrap fullsize' style=' '  data-section-bg-repeat='no-repeat'><div class='av-parallax' data-avia-parallax-ratio='0.3' ><div class='av-parallax-inner main_color  avia-full-stretch' style = 'background-repeat: no-repeat; background-image: url(https:\/\/ramiengala.de\/wp-content\/uploads\/2020\/02\/lawn-mower-938555_-scaled.jpg);background-attachment: scroll; background-position: top left; ' ><\/div><\/div><div class='container' style='height:500px'><main  role=\"main\" itemprop=\"mainContentOfPage\"  class='template-page content  av-content-full alpha units'><div class='post-entry post-entry-type-page post-entry-48'><div class='entry-content-wrapper clearfix'><\/div><\/div><\/main><!-- close content main element --><\/div><\/div><div id='after_section_1'  class='main_color av_default_container_wrap container_wrap fullsize' style=' '  ><div class='container' ><div class='template-page content  av-content-full alpha units'><div class='post-entry post-entry-type-page post-entry-48'><div class='entry-content-wrapper clearfix'>\n<div  style='padding-bottom:10px; color:#83a846;' class='av-special-heading av-special-heading-h2 custom-color-heading blockquote classic-quote  avia-builder-el-1  el_after_av_section  el_before_av_textblock  avia-builder-el-first  '><h2 class='av-special-heading-tag '  itemprop=\"headline\"  >Grundst\u00fcckspflege<\/h2><div class='special-heading-border'><div class='special-heading-inner-border' style='border-color:#83a846'><\/div><\/div><\/div>\n<section class=\"av_textblock_section \"  itemscope=\"itemscope\" itemtype=\"https:\/\/schema.org\/CreativeWork\" ><div class='avia_textblock  '   itemprop=\"text\" ><p>So individuell wie die Grundst\u00fccksbelegenheiten so individuell ist auch unser Service rund um die Grundst\u00fcckspflege. Wir k\u00fcmmern uns darum, dass Ihre Au\u00dfenanlagen und Ihre Pflanzen stets gut versorgt und gepflegt sind. F\u00fcr Privat und Gewerbe \u00fcbernehmen wir Baumschnitt, Obstbaumschnitt, Strauchschnitt, Heckenschnitt und den laufenden Gartendienst einschlie\u00dflich Rasenpflege rund um Oldenburg in Niedersachsen. Auch die Pflanzbeetpflege, Hochbeetpflege, Laubentfernung und Pflasterreinigung \u00fcbernimmt unser Pflegetrupp gerne f\u00fcr Sie.<\/p>\n<p>Unsere <a href=\"https:\/\/ramiengala.de\/index.php\/leistungen\/\">Leistungen<\/a> sind vielf\u00e4ltig. Vereinbaren Sie noch heute einen Beratungstermin unter <strong>Tel.: 0441-83913<\/strong> oder \u00fcber unser <a href=\"https:\/\/ramiengala.de\/index.php\/kontakt\/\">Kontaktformular<\/a>. Wir freuen uns auf Ihre Anfrage!<\/p>\n<\/div><\/section>\n<div  class='av-horizontal-gallery av-horizontal-gallery-large-gap av-horizontal-gallery-enlarge-effect av-horizontal-gallery-1  avia-builder-el-3  el_after_av_textblock  avia-builder-el-last  av-control-default '  itemprop=\"image\" itemscope=\"itemscope\" itemtype=\"https:\/\/schema.org\/ImageObject\"  style='padding: 2.25% 0px;' data-av-enlarge='1.3'  ><div class='avia-slideshow-arrows avia-slideshow-controls'><a href='#prev' class='prev-slide av-horizontal-gallery-prev' aria-hidden='true' data-av_icon='\ue87c' data-av_iconfont='entypo-fontello'>Zur\u00fcck<\/a><a href='#next' class='next-slide av-horizontal-gallery-next' aria-hidden='true' data-av_icon='\ue87d' data-av_iconfont='entypo-fontello'>Weiter <\/a><\/div><div class='av-horizontal-gallery-inner' style='padding-bottom:15%' data-av-height='15'><div class='av-horizontal-gallery-slider'><div class='av-horizontal-gallery-wrap noHover'><img class='av-horizontal-gallery-img' width='960' height='720' src='https:\/\/ramiengala.de\/wp-content\/uploads\/2020\/01\/Udo-Ramien-Galabau-Oldenburg-Beetanlage-Arbeiten-fb.jpg' title='Udo Ramien Galabau Oldenburg Beetanlage Heiligengeiststra\u00dfe in Oldenburg' alt='g\u00e4rtner ramiengala heiligengeiststra\u00dfe oldenburg' \/><a href='https:\/\/ramiengala.de\/wp-content\/uploads\/2020\/01\/Udo-Ramien-Galabau-Oldenburg-Beetanlage-Arbeiten-fb.jpg'  class='av-horizontal-gallery-link' aria-hidden='true' data-av_icon='\ue869' data-av_iconfont='entypo-fontello' title='Udo Ramien Galabau Oldenburg Beetanlage Heiligengeiststra\u00dfe in Oldenburg'><\/a><\/div><div class='av-horizontal-gallery-wrap noHover'><img class='av-horizontal-gallery-img' width='1024' height='744' src='https:\/\/ramiengala.de\/wp-content\/uploads\/2020\/01\/Laubentfernung-Pixabay-Peggy-Choucair-computing-3795962_1280-1024x744.jpg' title='Laubentfernung Pixabay Peggy Choucair computing-3795962_1280' alt='' \/><a href='https:\/\/ramiengala.de\/wp-content\/uploads\/2020\/01\/Laubentfernung-Pixabay-Peggy-Choucair-computing-3795962_1280-1024x744.jpg'  class='av-horizontal-gallery-link' aria-hidden='true' data-av_icon='\ue869' data-av_iconfont='entypo-fontello' title='Laubentfernung Pixabay Peggy Choucair computing-3795962_1280'><\/a><\/div><div class='av-horizontal-gallery-wrap noHover'><img class='av-horizontal-gallery-img' width='576' height='1024' src='https:\/\/ramiengala.de\/wp-content\/uploads\/2020\/01\/Ramien-Gartenbau-Landschaftsbau-Oldenburg-Holzarbeiten-Baumf\u00e4llung-und-Entsorgung-2-fb-576x1024.jpg' title='Ramien Gartenbau Landschaftsbau Oldenburg Holzarbeiten Baumf\u00e4llung und Entsorgung. Foto: Haferkamp Ramiengala' alt='holzarbeiten_baumf\u00e4llung_oldenburg_baumpfelge_ramien' \/><a href='https:\/\/ramiengala.de\/wp-content\/uploads\/2020\/01\/Ramien-Gartenbau-Landschaftsbau-Oldenburg-Holzarbeiten-Baumf\u00e4llung-und-Entsorgung-2-fb-576x1024.jpg'  class='av-horizontal-gallery-link' aria-hidden='true' data-av_icon='\ue869' data-av_iconfont='entypo-fontello' title='Ramien Gartenbau Landschaftsbau Oldenburg Holzarbeiten Baumf\u00e4llung und Entsorgung. Foto: Haferkamp Ramiengala'><\/a><\/div><div class='av-horizontal-gallery-wrap noHover'><img class='av-horizontal-gallery-img' width='1024' height='682' src='https:\/\/ramiengala.de\/wp-content\/uploads\/2020\/01\/Pflanzenschnitt-Pixabay-Germans-A\u013ce\u0146ins-summer-3623282_1280-1024x682.jpg' title='Pflanzenschnitt Pixabay Germans A\u013ce\u0146ins summer-3623282_1280' alt='' \/><a href='https:\/\/ramiengala.de\/wp-content\/uploads\/2020\/01\/Pflanzenschnitt-Pixabay-Germans-A\u013ce\u0146ins-summer-3623282_1280-1024x682.jpg'  class='av-horizontal-gallery-link' aria-hidden='true' data-av_icon='\ue869' data-av_iconfont='entypo-fontello' title='Pflanzenschnitt Pixabay Germans A\u013ce\u0146ins summer-3623282_1280'><\/a><\/div><div class='av-horizontal-gallery-wrap noHover'><img class='av-horizontal-gallery-img' width='1024' height='682' src='https:\/\/ramiengala.de\/wp-content\/uploads\/2020\/01\/G\u00e4rtner-Rasenschnitt-Pixabay-Pexels-garden-2179095_1280-1024x682.jpg' title='G\u00e4rtner Rasenschnitt Pixabay Pexels garden-2179095_1280' alt='' \/><a href='https:\/\/ramiengala.de\/wp-content\/uploads\/2020\/01\/G\u00e4rtner-Rasenschnitt-Pixabay-Pexels-garden-2179095_1280-1024x682.jpg'  class='av-horizontal-gallery-link' aria-hidden='true' data-av_icon='\ue869' data-av_iconfont='entypo-fontello' title='G\u00e4rtner Rasenschnitt Pixabay Pexels garden-2179095_1280'><\/a><\/div><\/div><\/div><\/div>\n","protected":false},"excerpt":{"rendered":"","protected":false},"author":2,"featured_media":0,"parent":0,"menu_order":0,"comment_status":"closed","ping_status":"closed","template":"","meta":{"_seopress_robots_primary_cat":"","_seopress_titles_title":"","_seopress_titles_desc":"","_seopress_robots_index":"","footnotes":""},"class_list":["post-48","page","type-page","status-publish","hentry"],"_links":{"self":[{"href":"https:\/\/ramiengala.de\/index.php\/wp-json\/wp\/v2\/pages\/48"}],"collection":[{"href":"https:\/\/ramiengala.de\/index.php\/wp-json\/wp\/v2\/pages"}],"about":[{"href":"https:\/\/ramiengala.de\/index.php\/wp-json\/wp\/v2\/types\/page"}],"author":[{"embeddable":true,"href":"https:\/\/ramiengala.de\/index.php\/wp-json\/wp\/v2\/users\/2"}],"replies":[{"embeddable":true,"href":"https:\/\/ramiengala.de\/index.php\/wp-json\/wp\/v2\/comments?post=48"}],"version-history":[{"count":20,"href":"https:\/\/ramiengala.de\/index.php\/wp-json\/wp\/v2\/pages\/48\/revisions"}],"predecessor-version":[{"id":661,"href":"https:\/\/ramiengala.de\/index.php\/wp-json\/wp\/v2\/pages\/48\/revisions\/661"}],"wp:attachment":[{"href":"https:\/\/ramiengala.de\/index.php\/wp-json\/wp\/v2\/media?parent=48"}],"curies":[{"name":"wp","href":"https:\/\/api.w.org\/{rel}","templated":true}]}}