{"id":42,"date":"2020-01-29T10:36:39","date_gmt":"2020-01-29T10:36:39","guid":{"rendered":"https:\/\/ramiengala.de\/?page_id=42"},"modified":"2020-02-20T19:49:09","modified_gmt":"2020-02-20T19:49:09","slug":"dachbegruenung","status":"publish","type":"page","link":"https:\/\/ramiengala.de\/index.php\/dachbegruenung\/","title":{"rendered":"Dachbegr\u00fcnung"},"content":{"rendered":"<div id='av_section_1'  class='avia-section main_color avia-section-default avia-no-border-styling  avia-full-stretch av-parallax-section avia-bg-style-parallax  avia-builder-el-0  el_before_av_heading  avia-builder-el-first   av-minimum-height av-minimum-height-custom  container_wrap fullsize' style=' '  data-section-bg-repeat='stretch'><div class='av-parallax' data-avia-parallax-ratio='0.3' ><div class='av-parallax-inner main_color  avia-full-stretch' style = 'background-repeat: no-repeat; background-image: url(https:\/\/ramiengala.de\/wp-content\/uploads\/2020\/02\/rehabilitation-349493_1920.jpg);background-attachment: scroll; background-position: top left; ' ><\/div><\/div><div class='container' style='height:500px'><main  role=\"main\" itemprop=\"mainContentOfPage\"  class='template-page content  av-content-full alpha units'><div class='post-entry post-entry-type-page post-entry-42'><div class='entry-content-wrapper clearfix'><\/div><\/div><\/main><!-- close content main element --><\/div><\/div><div id='after_section_1'  class='main_color av_default_container_wrap container_wrap fullsize' style=' '  ><div class='container' ><div class='template-page content  av-content-full alpha units'><div class='post-entry post-entry-type-page post-entry-42'><div class='entry-content-wrapper clearfix'>\n<div  style='padding-bottom:10px; color:#83a846;' class='av-special-heading av-special-heading-h2 custom-color-heading blockquote classic-quote  avia-builder-el-1  el_after_av_section  el_before_av_textblock  avia-builder-el-first  '><h2 class='av-special-heading-tag '  itemprop=\"headline\"  >Dachbegr\u00fcnung<\/h2><div class='special-heading-border'><div class='special-heading-inner-border' style='border-color:#83a846'><\/div><\/div><\/div>\n<section class=\"av_textblock_section \"  itemscope=\"itemscope\" itemtype=\"https:\/\/schema.org\/CreativeWork\" ><div class='avia_textblock  '   itemprop=\"text\" ><p>Dachbegr\u00fcnung ist eine Form der Bauwerksbegr\u00fcnung und bezeichnet sowohl den Vorgang des Bepflanzens von D\u00e4chern in Form von Dachg\u00e4rten als auch die bestehende Gesamtheit der Pflanzen einschlie\u00dflich des notwendigen Unterbaus auf einem begr\u00fcnten Dach. Dachbegr\u00fcnung ist ein m\u00f6glicher Bestandteil \u00f6kologischen Bauens, sieht gut aus und bietet einige Vorteile, denn durch die verbesserte W\u00e4rmed\u00e4mmung kann sie helfen, Energie zu sparen. Sie kann zu einer Senkung der Instandhaltungs- und Betriebskosten durch wirksamen Schutz der Dachabdichtung f\u00fchren. Au\u00dferdem sieht Dachbegr\u00fcnung optisch ansprechend aus und erh\u00f6ht damit f\u00fcr die Bewohner den Wohn- und Freizeitwert.<\/p>\n<p>Wir braten Sie bei der Anlage und Pflege von Flachdachbegr\u00fcnungen, Dachterrassen und sind auch Ihr Partner, wenn es um die Anlage von Dachterrassenspielpl\u00e4tzen geht. Ob pflegearmes Gr\u00fcndach, Intensivbegr\u00fcnung, Extensivbegr\u00fcnung oder auch Pflasterung von Dachterrassen: Wir sind Ihr zuverl\u00e4ssiger Fachberater f\u00fcr alle <a href=\"https:\/\/ramiengala.de\/index.php\/leistungen\/\" target=\"_blank\" rel=\"noopener\">Leistungen<\/a> rund um Ihr Gr\u00fcndach.<\/p>\n<p>Vereinbaren Sie noch heute einen Beratungstermin unter <strong>Tel.: 0441-83913<\/strong> oder \u00fcber unser <a href=\"https:\/\/ramiengala.de\/index.php\/kontakt\/\" target=\"_blank\" rel=\"noopener\">Kontaktformular<\/a>. Wir freuen uns auf Ihre Anfrage!<\/p>\n<\/div><\/section>\n<div  class='av-horizontal-gallery av-horizontal-gallery-large-gap av-horizontal-gallery-enlarge-effect av-horizontal-gallery-1  avia-builder-el-3  el_after_av_textblock  avia-builder-el-last  av-control-default '  itemprop=\"image\" itemscope=\"itemscope\" itemtype=\"https:\/\/schema.org\/ImageObject\"  style='padding: 2.25% 0px;' data-av-enlarge='1.3'  ><div class='avia-slideshow-arrows avia-slideshow-controls'><a href='#prev' class='prev-slide av-horizontal-gallery-prev' aria-hidden='true' data-av_icon='\ue87c' data-av_iconfont='entypo-fontello'>Zur\u00fcck<\/a><a href='#next' class='next-slide av-horizontal-gallery-next' aria-hidden='true' data-av_icon='\ue87d' data-av_iconfont='entypo-fontello'>Weiter <\/a><\/div><div class='av-horizontal-gallery-inner' style='padding-bottom:15%' data-av-height='15'><div class='av-horizontal-gallery-slider'><div class='av-horizontal-gallery-wrap noHover'><img class='av-horizontal-gallery-img' width='960' height='720' src='https:\/\/ramiengala.de\/wp-content\/uploads\/2020\/01\/Udo-Ramien-Galabau-Oldenburg-Beetanlage-Arbeiten-fb.jpg' title='Udo Ramien Galabau Oldenburg Beetanlage Heiligengeiststra\u00dfe in Oldenburg' alt='g\u00e4rtner ramiengala heiligengeiststra\u00dfe oldenburg' \/><a href='https:\/\/ramiengala.de\/wp-content\/uploads\/2020\/01\/Udo-Ramien-Galabau-Oldenburg-Beetanlage-Arbeiten-fb.jpg'  class='av-horizontal-gallery-link' aria-hidden='true' data-av_icon='\ue869' data-av_iconfont='entypo-fontello' title='Udo Ramien Galabau Oldenburg Beetanlage Heiligengeiststra\u00dfe in Oldenburg'><\/a><\/div><div class='av-horizontal-gallery-wrap noHover'><img class='av-horizontal-gallery-img' width='1000' height='742' src='https:\/\/ramiengala.de\/wp-content\/uploads\/2020\/02\/Ramiengala-Dachterrassen-begruent-Foto-Pixabay-Elvira-Groot-house-3945646_1920.jpg' title='Ramiengala Dachterrassen begr\u00fcnt. Foto Pixabay Elvira Groot house-3945646_1920' alt='dachterrassen begr\u00fcnt foto pixabay elvira groot' \/><a href='https:\/\/ramiengala.de\/wp-content\/uploads\/2020\/02\/Ramiengala-Dachterrassen-begruent-Foto-Pixabay-Elvira-Groot-house-3945646_1920.jpg'  class='av-horizontal-gallery-link' aria-hidden='true' data-av_icon='\ue869' data-av_iconfont='entypo-fontello' title='Ramiengala Dachterrassen begr\u00fcnt. Foto Pixabay Elvira Groot house-3945646_1920'><\/a><\/div><div class='av-horizontal-gallery-wrap noHover'><img class='av-horizontal-gallery-img' width='1000' height='666' src='https:\/\/ramiengala.de\/wp-content\/uploads\/2020\/02\/wildflowers-3571119_.jpg' title='Wildblumen Wiese bunt. Stockfoto www.Ramiengala.de Garten- + Landschaftsbau Oldenburg Niedersachsen' alt='wildblumen slider ramiengala oldenburg' \/><a href='https:\/\/ramiengala.de\/wp-content\/uploads\/2020\/02\/wildflowers-3571119_.jpg'  class='av-horizontal-gallery-link' aria-hidden='true' data-av_icon='\ue869' data-av_iconfont='entypo-fontello' title='Wildblumen Wiese bunt. Stockfoto www.Ramiengala.de Garten- + Landschaftsbau Oldenburg Niedersachsen'><\/a><\/div><div class='av-horizontal-gallery-wrap noHover'><img class='av-horizontal-gallery-img' width='1000' height='750' src='https:\/\/ramiengala.de\/wp-content\/uploads\/2020\/02\/Ramien-Gala-Bau-Oldenburg-Gr\u00fcndach-Pixabay-Christopher-Amend-gulli-349496_1920.jpg' title='Ramien Gala Bau Oldenburg Gr\u00fcndach Pixabay Christopher Amend gulli-349496_1920' alt='Gr\u00fcndach ramien galabau oldenburg foto pixabay christopher amend' \/><a href='https:\/\/ramiengala.de\/wp-content\/uploads\/2020\/02\/Ramien-Gala-Bau-Oldenburg-Gr\u00fcndach-Pixabay-Christopher-Amend-gulli-349496_1920.jpg'  class='av-horizontal-gallery-link' aria-hidden='true' data-av_icon='\ue869' data-av_iconfont='entypo-fontello' title='Ramien Gala Bau Oldenburg Gr\u00fcndach Pixabay Christopher Amend gulli-349496_1920'><\/a><\/div><div class='av-horizontal-gallery-wrap noHover'><img class='av-horizontal-gallery-img' width='720' height='960' src='https:\/\/ramiengala.de\/wp-content\/uploads\/2020\/01\/Udo-Ramien-Galabau-Oldenburg-Beetanlage-Fussg\u00e4ngerzone.jpg' title='Udo Ramien Galabau Oldenburg Beetanlage Fussg\u00e4ngerzone' alt='' \/><a href='https:\/\/ramiengala.de\/wp-content\/uploads\/2020\/01\/Udo-Ramien-Galabau-Oldenburg-Beetanlage-Fussg\u00e4ngerzone.jpg'  class='av-horizontal-gallery-link' aria-hidden='true' data-av_icon='\ue869' data-av_iconfont='entypo-fontello' title='Udo Ramien Galabau Oldenburg Beetanlage Fussg\u00e4ngerzone'><\/a><\/div><\/div><\/div><\/div>\n","protected":false},"excerpt":{"rendered":"","protected":false},"author":2,"featured_media":0,"parent":0,"menu_order":0,"comment_status":"closed","ping_status":"closed","template":"","meta":{"_seopress_robots_primary_cat":"","_seopress_titles_title":"","_seopress_titles_desc":"","_seopress_robots_index":"","footnotes":""},"class_list":["post-42","page","type-page","status-publish","hentry"],"_links":{"self":[{"href":"https:\/\/ramiengala.de\/index.php\/wp-json\/wp\/v2\/pages\/42"}],"collection":[{"href":"https:\/\/ramiengala.de\/index.php\/wp-json\/wp\/v2\/pages"}],"about":[{"href":"https:\/\/ramiengala.de\/index.php\/wp-json\/wp\/v2\/types\/page"}],"author":[{"embeddable":true,"href":"https:\/\/ramiengala.de\/index.php\/wp-json\/wp\/v2\/users\/2"}],"replies":[{"embeddable":true,"href":"https:\/\/ramiengala.de\/index.php\/wp-json\/wp\/v2\/comments?post=42"}],"version-history":[{"count":14,"href":"https:\/\/ramiengala.de\/index.php\/wp-json\/wp\/v2\/pages\/42\/revisions"}],"predecessor-version":[{"id":659,"href":"https:\/\/ramiengala.de\/index.php\/wp-json\/wp\/v2\/pages\/42\/revisions\/659"}],"wp:attachment":[{"href":"https:\/\/ramiengala.de\/index.php\/wp-json\/wp\/v2\/media?parent=42"}],"curies":[{"name":"wp","href":"https:\/\/api.w.org\/{rel}","templated":true}]}}