{"id":27,"date":"2020-01-29T10:33:57","date_gmt":"2020-01-29T10:33:57","guid":{"rendered":"https:\/\/ramiengala.de\/?page_id=27"},"modified":"2020-02-20T19:44:01","modified_gmt":"2020-02-20T19:44:01","slug":"links","status":"publish","type":"page","link":"https:\/\/ramiengala.de\/index.php\/links\/","title":{"rendered":"Links"},"content":{"rendered":"<div id='av_section_1'  class='avia-section main_color avia-section-default avia-no-border-styling  avia-bg-style-scroll  avia-builder-el-0  el_before_av_heading  avia-builder-el-first   av-minimum-height av-minimum-height-custom  container_wrap fullsize' style='background-repeat: no-repeat; background-image: url(https:\/\/ramiengala.de\/wp-content\/uploads\/2020\/01\/Bildschirmfoto-2020-01-29-um-13.12.09-Kopie.jpg);background-attachment: scroll; background-position: top left;  '  data-section-bg-repeat='no-repeat'><div class='container' style='height:500px'><main  role=\"main\" itemprop=\"mainContentOfPage\"  class='template-page content  av-content-full alpha units'><div class='post-entry post-entry-type-page post-entry-27'><div class='entry-content-wrapper clearfix'><\/div><\/div><\/main><!-- close content main element --><\/div><\/div><div id='after_section_1'  class='main_color av_default_container_wrap container_wrap fullsize' style=' '  ><div class='container' ><div class='template-page content  av-content-full alpha units'><div class='post-entry post-entry-type-page post-entry-27'><div class='entry-content-wrapper clearfix'>\n<div  style='padding-bottom:10px; color:#83a846;' class='av-special-heading av-special-heading-h2 custom-color-heading blockquote classic-quote  avia-builder-el-1  el_after_av_section  el_before_av_textblock  avia-builder-el-first  '><h2 class='av-special-heading-tag '  itemprop=\"headline\"  >Partner <span class='special_amp'>&amp;<\/span> Links<\/h2><div class='special-heading-border'><div class='special-heading-inner-border' style='border-color:#83a846'><\/div><\/div><\/div>\n<section class=\"av_textblock_section \"  itemscope=\"itemscope\" itemtype=\"https:\/\/schema.org\/CreativeWork\" ><div class='avia_textblock  '   itemprop=\"text\" ><p style=\"text-align: center;\">Wir sind Netzwerker und engagieren uns als mittelst\u00e4ndisches Unternehmen f\u00fcr eine zukunftsorientierte Aus- und Weiterbildung im Garten- und Landschaftsbau. Als gepr\u00fcfter Ausbildungsbetrieb bieten wir unseren Fachkr\u00e4ften von morgen ein spannendes, vielseitiges Arbeitsgebiet in und mit der Natur. Unser \u201eSeniorchef\u201c Lutz Haferkamp ist aktiv im Vorstand des <a href=\"https:\/\/www.galabau-nordwest.de\/default-nordwest.aspx\" target=\"_blank\" rel=\"noopener noreferrer\">Verbandes Garten- und Landschaftsbau Niedersachsen &#8211; Bremen<\/a> t\u00e4tig und Udo Ramien Garten- und Landschaftsbau GmbH ist Mitglied in der <a href=\"https:\/\/www.hwk-oldenburg.de\/\" target=\"_blank\" rel=\"noopener noreferrer\">Handwerkskammer Oldenburg<\/a>.<\/p>\n<p>Ausschlie\u00dflich mit zuverl\u00e4ssigen und kompetenten Partnern aus der Region arbeiten wir zusammen und nutzen auch im Interesse unserer Kunden gerne dieses Netzwerk. So k\u00f6nnen Auftr\u00e4ge Hand in Hand und zur Zufriedenheit aller Beteiligten reibungslos durchgef\u00fchrt werden.<\/p>\n<p style=\"text-align: center;\">Unsere <a href=\"https:\/\/ramiengala.de\/index.php\/leistungen\/\" target=\"_blank\" rel=\"noopener\"><span style=\"color: #000080;\">Leistungen<\/span><\/a> sind vielf\u00e4ltig. Vereinbaren Sie noch heute einen Beratungstermin unter <strong>Tel.: 0441-83913<\/strong> oder \u00fcber unser <a href=\"https:\/\/ramiengala.de\/index.php\/kontakt\/\" target=\"_blank\" rel=\"noopener\"><span style=\"color: #000080;\">Kontaktformular<\/span><\/a>. <b>Wir freuen uns auf Ihre Anfrage!<\/b><\/p>\n<\/div><\/section>\n<div  style='height:40px' class='hr hr-invisible   avia-builder-el-3  el_after_av_textblock  el_before_av_section  avia-builder-el-last '><span class='hr-inner ' ><span class='hr-inner-style'><\/span><\/span><\/div>\n<\/div><\/div><\/div><!-- close content main div --><\/div><\/div><div id='av_section_2'  class='avia-section main_color avia-section-default avia-no-border-styling  avia-full-stretch av-section-color-overlay-active avia-bg-style-scroll  avia-builder-el-4  el_after_av_hr  el_before_av_hr   container_wrap fullsize' style='background-repeat: no-repeat; background-image: url(https:\/\/ramiengala.de\/wp-content\/uploads\/2020\/01\/Bildschirmfoto-2020-01-29-um-13.12.09-Kopie.jpg);background-attachment: scroll; background-position: top left;  '  data-section-bg-repeat='stretch'><div class='av-section-color-overlay-wrap'><div class='av-section-color-overlay' style='opacity: 0.8; background-color: #ffffff; '><\/div><div class='container' ><div class='template-page content  av-content-full alpha units'><div class='post-entry post-entry-type-page post-entry-27'><div class='entry-content-wrapper clearfix'>\n<div  style='padding-bottom:10px; color:#339326;' class='av-special-heading av-special-heading-h2 custom-color-heading blockquote classic-quote  avia-builder-el-5  el_before_av_headline_rotator  avia-builder-el-first  '><h2 class='av-special-heading-tag '  itemprop=\"headline\"  >Unsere Partner:<\/h2><div class='special-heading-border'><div class='special-heading-inner-border' style='border-color:#339326'><\/div><\/div><\/div>\n<div  style='text-align:center; font-size:3vw; margin:0 0 0 0; ' class='av-rotator-container av-rotation-container-center   avia-builder-el-6  el_after_av_heading  avia-builder-el-last  av-fixed-rotator-width' data-interval='4' data-animation='1' data-fixWidth='1'><h3 class='av-rotator-container-inner '><span class='av-rotator-text av-rotator-multiline-off '>\n<a href='http:\/\/www.draussenplaner-sl.de\/startseite\/peter-schmitt' target=\"_blank\" style='color:#339326; ' class='av-rotator-text-single av-rotator-text-single-1' rel=\"noopener\">Die Drau\u00dfenplaner<\/a>\n<a href='https:\/\/www.queensgrass.com\/de\/' target=\"_blank\" style='color:#339326; ' class='av-rotator-text-single av-rotator-text-single-2' rel=\"noopener\">Queens Grass BV<\/a>\n<a href='https:\/\/bernd-merten.de\/' target=\"_blank\" style='color:#339326; ' class='av-rotator-text-single av-rotator-text-single-3' rel=\"noopener\">Bernd Merten GmbH | Spielplatzbau<\/a>\n<a href='https:\/\/www.cv-voigt.de\/' target=\"_blank\" style='color:#339326; ' class='av-rotator-text-single av-rotator-text-single-4' rel=\"noopener\">CV Voigt GmbH | Tore \u2022 Z\u00e4une \u2022 Elektrotechnik<\/a>\n<a href='https:\/\/www.jeddeloh.de\/' target=\"_blank\" style='color:#339326; ' class='av-rotator-text-single av-rotator-text-single-5' rel=\"noopener\">zu Jeddeloh Pflanzenhandels-GmbH<\/a>\n<a href='https:\/\/www.bruns.de\/' target=\"_blank\" style='color:#339326; ' class='av-rotator-text-single av-rotator-text-single-6' rel=\"noopener\">Bruns Pflanzen-Export GmbH &amp; Co.KG<\/a>\n<a href='https:\/\/www.cassens.de\/index.php\/oldenburg.html' target=\"_blank\" style='color:#339326; ' class='av-rotator-text-single av-rotator-text-single-7' rel=\"noopener\">Cassens GmbH &amp; Co. KG<\/a>\n<a href='https:\/\/www.ulferts-wittrock.de\/home.html' target=\"_blank\" style='color:#339326; ' class='av-rotator-text-single av-rotator-text-single-8' rel=\"noopener\">Ulferts &amp; Wittrock-Gruppe<\/a>\n<a href='www.penner-baumaschinen.de' target=\"_blank\" style='color:#339326; ' class='av-rotator-text-single av-rotator-text-single-9' rel=\"noopener\">Penner Baumaschinen<\/a>\n<a href='https:\/\/www.tramann.de\/' target=\"_blank\" style='color:#339326; ' class='av-rotator-text-single av-rotator-text-single-10' rel=\"noopener\">Tramann+Sohn GmbH &amp; Co. KG<\/a>\n<a href='https:\/\/www.agentur-grabo.de' target=\"_blank\" style='color:#339326; ' class='av-rotator-text-single av-rotator-text-single-11' rel=\"noopener\">Agentur GrAbo<\/a>\n<a href='https:\/\/www.fotokiste-oldenburg.de\/' target=\"_blank\" style='color:#339326; ' class='av-rotator-text-single av-rotator-text-single-12' rel=\"noopener\">Fotokiste Oldenburg<\/a>\n<a href='https:\/\/www.handwerk-oldenburg.de\/unternehmerfrauen' target=\"_blank\" style='color:#339326; ' class='av-rotator-text-single av-rotator-text-single-13' rel=\"noopener\">Handwerk Oldenburg | Unternehmerfrauen<\/a>\n<a href='https:\/\/www.galabau-nordwest.de\/default-nordwest.aspx' target=\"_blank\" style='color:#339326; ' class='av-rotator-text-single av-rotator-text-single-14' rel=\"noopener\">Gala Bau Nordwest<\/a>\n<\/span><\/h3><\/div>\n<\/div><\/div><\/div><!-- close content main div --><\/div><\/div><\/div><div id='after_section_2'  class='main_color av_default_container_wrap container_wrap fullsize' style=' '  ><div class='container' ><div class='template-page content  av-content-full alpha units'><div class='post-entry post-entry-type-page post-entry-27'><div class='entry-content-wrapper clearfix'><div  style='height:40px' class='hr hr-invisible   avia-builder-el-7  el_after_av_section  avia-builder-el-no-sibling '><span class='hr-inner ' ><span class='hr-inner-style'><\/span><\/span><\/div><\/p>\n","protected":false},"excerpt":{"rendered":"","protected":false},"author":2,"featured_media":0,"parent":0,"menu_order":0,"comment_status":"closed","ping_status":"closed","template":"","meta":{"_seopress_robots_primary_cat":"","_seopress_titles_title":"","_seopress_titles_desc":"","_seopress_robots_index":"","footnotes":""},"class_list":["post-27","page","type-page","status-publish","hentry"],"_links":{"self":[{"href":"https:\/\/ramiengala.de\/index.php\/wp-json\/wp\/v2\/pages\/27"}],"collection":[{"href":"https:\/\/ramiengala.de\/index.php\/wp-json\/wp\/v2\/pages"}],"about":[{"href":"https:\/\/ramiengala.de\/index.php\/wp-json\/wp\/v2\/types\/page"}],"author":[{"embeddable":true,"href":"https:\/\/ramiengala.de\/index.php\/wp-json\/wp\/v2\/users\/2"}],"replies":[{"embeddable":true,"href":"https:\/\/ramiengala.de\/index.php\/wp-json\/wp\/v2\/comments?post=27"}],"version-history":[{"count":31,"href":"https:\/\/ramiengala.de\/index.php\/wp-json\/wp\/v2\/pages\/27\/revisions"}],"predecessor-version":[{"id":655,"href":"https:\/\/ramiengala.de\/index.php\/wp-json\/wp\/v2\/pages\/27\/revisions\/655"}],"wp:attachment":[{"href":"https:\/\/ramiengala.de\/index.php\/wp-json\/wp\/v2\/media?parent=27"}],"curies":[{"name":"wp","href":"https:\/\/api.w.org\/{rel}","templated":true}]}}