{"id":24,"date":"2020-01-29T10:33:40","date_gmt":"2020-01-29T10:33:40","guid":{"rendered":"https:\/\/ramiengala.de\/?page_id=24"},"modified":"2020-03-23T11:03:34","modified_gmt":"2020-03-23T11:03:34","slug":"ueber-uns","status":"publish","type":"page","link":"https:\/\/ramiengala.de\/index.php\/ueber-uns\/","title":{"rendered":"\u00dcber uns"},"content":{"rendered":"<div id='av_section_1'  class='avia-section main_color avia-section-default avia-no-border-styling  avia-bg-style-scroll  avia-builder-el-0  el_before_av_heading  avia-builder-el-first   av-minimum-height av-minimum-height-custom  container_wrap fullsize' style='background-repeat: no-repeat; background-image: url(https:\/\/ramiengala.de\/wp-content\/uploads\/2020\/01\/Bildschirmfoto-2020-01-29-um-13.12.09-Kopie.jpg);background-attachment: scroll; background-position: top left;  '  data-section-bg-repeat='no-repeat'><div class='container' style='height:500px'><main  role=\"main\" itemprop=\"mainContentOfPage\"  class='template-page content  av-content-full alpha units'><div class='post-entry post-entry-type-page post-entry-24'><div class='entry-content-wrapper clearfix'><\/div><\/div><\/main><!-- close content main element --><\/div><\/div><div id='after_section_1'  class='main_color av_default_container_wrap container_wrap fullsize' style=' '  ><div class='container' ><div class='template-page content  av-content-full alpha units'><div class='post-entry post-entry-type-page post-entry-24'><div class='entry-content-wrapper clearfix'>\n<div  style='padding-bottom:10px; color:#83a846;' class='av-special-heading av-special-heading-h2 custom-color-heading blockquote classic-quote  avia-builder-el-1  el_after_av_section  el_before_av_textblock  avia-builder-el-first  '><h2 class='av-special-heading-tag '  itemprop=\"headline\"  >\u00dcber uns<\/h2><div class='special-heading-border'><div class='special-heading-inner-border' style='border-color:#83a846'><\/div><\/div><\/div>\n<section class=\"av_textblock_section \"  itemscope=\"itemscope\" itemtype=\"https:\/\/schema.org\/CreativeWork\" ><div class='avia_textblock  '   itemprop=\"text\" ><p><a href=\"https:\/\/ramiengala.de\/index.php\/startseite\/\">Ramiengala Udo Ramien Garten- und Landschaftsbau<\/a> wurde 1896 in Oldenburg (Niedersachsen) gegr\u00fcndet.<\/p>\n<p>Im Jahr 2021 feiern wir das 125j\u00e4hrige Bestehen unseres Unternehmens, welches aktuell in 4. bzw. 5. Generation von Lutz und Martin Haferkamp geleitet wird. 14 Mitarbeiter geh\u00f6ren zu unserem Team und im B\u00fcro werden wir von Vera und Ulrike Haferkamp unterst\u00fctzt. Ein Familienunternehmen, das sich mit ganzem Herzen f\u00fcr die Belange unserer GaLa-Kunden einsetzt.<\/p>\n<p>Mehr \u00fcber unser Unternehmen sowie Fotos aus unserem Archiv finden Sie in K\u00fcrze hier.<\/p>\n<p>Wir freuen uns \u00fcber Anregungen und falls Sie alte Fotos in Ihren Alben entdecken, auf denen unsere Vorfahren, wir oder unsere Mitarbeiter zu sehen sind, senden Sie uns diese Bilder sehr gerne auch zu. Vielen Dank!<\/p>\n<p>Unsere <a href=\"https:\/\/www.ramiengala.de\/leistungen\">Leistungen<\/a> sind vielf\u00e4ltig. Vereinbaren Sie noch heute einen Beratungstermin unter Tel.: 0441-83913 oder \u00fcber unser <a href=\"https:\/\/ramiengala.de\/index.php\/kontakt\/\">Kontaktformular<\/a>. Wir freuen uns auf Ihre Anfrage!<\/p>\n<\/div><\/section>\n<div  class='av-horizontal-gallery av-horizontal-gallery-large-gap av-horizontal-gallery-enlarge-effect av-horizontal-gallery-1  avia-builder-el-3  el_after_av_textblock  avia-builder-el-last  av-control-default '  itemprop=\"image\" itemscope=\"itemscope\" itemtype=\"https:\/\/schema.org\/ImageObject\"  style='padding: 2.25% 0px;' data-av-enlarge='1.3'  ><div class='avia-slideshow-arrows avia-slideshow-controls'><a href='#prev' class='prev-slide av-horizontal-gallery-prev' aria-hidden='true' data-av_icon='\ue87c' data-av_iconfont='entypo-fontello'>Zur\u00fcck<\/a><a href='#next' class='next-slide av-horizontal-gallery-next' aria-hidden='true' data-av_icon='\ue87d' data-av_iconfont='entypo-fontello'>Weiter <\/a><\/div><div class='av-horizontal-gallery-inner' style='padding-bottom:15%' data-av-height='15'><div class='av-horizontal-gallery-slider'><div class='av-horizontal-gallery-wrap noHover'><img class='av-horizontal-gallery-img' width='960' height='720' src='https:\/\/ramiengala.de\/wp-content\/uploads\/2020\/01\/Udo-Ramien-Galabau-Oldenburg-Beetanlage-Arbeiten-fb.jpg' title='Udo Ramien Galabau Oldenburg Beetanlage Heiligengeiststra\u00dfe in Oldenburg' alt='g\u00e4rtner ramiengala heiligengeiststra\u00dfe oldenburg' \/><a href='https:\/\/ramiengala.de\/wp-content\/uploads\/2020\/01\/Udo-Ramien-Galabau-Oldenburg-Beetanlage-Arbeiten-fb.jpg'  class='av-horizontal-gallery-link' aria-hidden='true' data-av_icon='\ue869' data-av_iconfont='entypo-fontello' title='Udo Ramien Galabau Oldenburg Beetanlage Heiligengeiststra\u00dfe in Oldenburg'><\/a><\/div><div class='av-horizontal-gallery-wrap noHover'><img class='av-horizontal-gallery-img' width='720' height='960' src='https:\/\/ramiengala.de\/wp-content\/uploads\/2020\/01\/Udo-Ramien-Galabau-Oldenburg-Beetanlage-Fussg\u00e4ngerzone.jpg' title='Udo Ramien Galabau Oldenburg Beetanlage Fussg\u00e4ngerzone' alt='' \/><a href='https:\/\/ramiengala.de\/wp-content\/uploads\/2020\/01\/Udo-Ramien-Galabau-Oldenburg-Beetanlage-Fussg\u00e4ngerzone.jpg'  class='av-horizontal-gallery-link' aria-hidden='true' data-av_icon='\ue869' data-av_iconfont='entypo-fontello' title='Udo Ramien Galabau Oldenburg Beetanlage Fussg\u00e4ngerzone'><\/a><\/div><div class='av-horizontal-gallery-wrap noHover'><img class='av-horizontal-gallery-img' width='960' height='720' src='https:\/\/ramiengala.de\/wp-content\/uploads\/2020\/01\/Udo-Ramien-Galabau-Oldenburg-Baumsicht-von-oben-fb.jpg' title='Udo Ramien Galabau Oldenburg Baumsicht von oben fb' alt='' \/><a href='https:\/\/ramiengala.de\/wp-content\/uploads\/2020\/01\/Udo-Ramien-Galabau-Oldenburg-Baumsicht-von-oben-fb.jpg'  class='av-horizontal-gallery-link' aria-hidden='true' data-av_icon='\ue869' data-av_iconfont='entypo-fontello' title='Udo Ramien Galabau Oldenburg Baumsicht von oben fb'><\/a><\/div><div class='av-horizontal-gallery-wrap noHover'><img class='av-horizontal-gallery-img' width='459' height='334' src='https:\/\/ramiengala.de\/wp-content\/uploads\/2020\/02\/Vera-und-Lutz-Haferkamp-Foto-Nordwest-Zeitung-12-2019.jpg' title='Galabau Ramien - Ramiengala Oldenburg. Vera und Lutz Haferkamp - www.Ramiengala.de - Foto Nordwest-Zeitung 12-2019' alt='vera_lutz_haferkamp_ramiengala' \/><a href='https:\/\/ramiengala.de\/wp-content\/uploads\/2020\/02\/Vera-und-Lutz-Haferkamp-Foto-Nordwest-Zeitung-12-2019.jpg'  class='av-horizontal-gallery-link' aria-hidden='true' data-av_icon='\ue869' data-av_iconfont='entypo-fontello' title='Galabau Ramien - Ramiengala Oldenburg. Vera und Lutz Haferkamp - www.Ramiengala.de - Foto Nordwest-Zeitung 12-2019'><\/a><\/div><div class='av-horizontal-gallery-wrap noHover'><img class='av-horizontal-gallery-img' width='675' height='1000' src='https:\/\/ramiengala.de\/wp-content\/uploads\/2020\/02\/Ramiengala-Gartenzaun-Metall-Pixabay-Ulrike-Leone-fence-2889698_1920.jpg' title='Ramiengala Gartenzaun Metall Pixabay Ulrike Leone fence-2889698_1920' alt='zaumbau oldenburg ramiengala foto pixabay ulrike leone fence' \/><a href='https:\/\/ramiengala.de\/wp-content\/uploads\/2020\/02\/Ramiengala-Gartenzaun-Metall-Pixabay-Ulrike-Leone-fence-2889698_1920.jpg'  class='av-horizontal-gallery-link' aria-hidden='true' data-av_icon='\ue869' data-av_iconfont='entypo-fontello' title='Ramiengala Gartenzaun Metall Pixabay Ulrike Leone fence-2889698_1920'><\/a><\/div><div class='av-horizontal-gallery-wrap noHover'><img class='av-horizontal-gallery-img' width='1024' height='678' src='https:\/\/ramiengala.de\/wp-content\/uploads\/2020\/02\/web-539757_-1024x678.jpg' title='Spielger\u00e4te Aufbau Oldenburg - www.Ramiengala.de Stockfoto Kletternetz' alt='spielplatzbau kletternetz stockfoto ramien galabau oldenburg' \/><a href='https:\/\/ramiengala.de\/wp-content\/uploads\/2020\/02\/web-539757_-1024x678.jpg'  class='av-horizontal-gallery-link' aria-hidden='true' data-av_icon='\ue869' data-av_iconfont='entypo-fontello' title='Spielger\u00e4te Aufbau Oldenburg - www.Ramiengala.de Stockfoto Kletternetz'><\/a><\/div><div class='av-horizontal-gallery-wrap noHover'><img class='av-horizontal-gallery-img' width='1024' height='682' src='https:\/\/ramiengala.de\/wp-content\/uploads\/2020\/01\/G\u00e4rtner-Rasenschnitt-Pixabay-Pexels-garden-2179095_1280-1024x682.jpg' title='G\u00e4rtner Rasenschnitt Pixabay Pexels garden-2179095_1280' alt='' \/><a href='https:\/\/ramiengala.de\/wp-content\/uploads\/2020\/01\/G\u00e4rtner-Rasenschnitt-Pixabay-Pexels-garden-2179095_1280-1024x682.jpg'  class='av-horizontal-gallery-link' aria-hidden='true' data-av_icon='\ue869' data-av_iconfont='entypo-fontello' title='G\u00e4rtner Rasenschnitt Pixabay Pexels garden-2179095_1280'><\/a><\/div><div class='av-horizontal-gallery-wrap noHover'><img class='av-horizontal-gallery-img' width='960' height='720' src='https:\/\/ramiengala.de\/wp-content\/uploads\/2020\/01\/Udo-Ramien-Galabau-Oldenburg-Rollrasen-Garten-fb.jpg' title='Udo Ramien Galabau Oldenburg Rollrasen Garten fb' alt='' \/><a href='https:\/\/ramiengala.de\/wp-content\/uploads\/2020\/01\/Udo-Ramien-Galabau-Oldenburg-Rollrasen-Garten-fb.jpg'  class='av-horizontal-gallery-link' aria-hidden='true' data-av_icon='\ue869' data-av_iconfont='entypo-fontello' title='Udo Ramien Galabau Oldenburg Rollrasen Garten fb'><\/a><\/div><\/div><\/div><\/div>\n","protected":false},"excerpt":{"rendered":"","protected":false},"author":2,"featured_media":0,"parent":0,"menu_order":0,"comment_status":"closed","ping_status":"closed","template":"","meta":{"_seopress_robots_primary_cat":"","_seopress_titles_title":"","_seopress_titles_desc":"","_seopress_robots_index":"","footnotes":""},"class_list":["post-24","page","type-page","status-publish","hentry"],"_links":{"self":[{"href":"https:\/\/ramiengala.de\/index.php\/wp-json\/wp\/v2\/pages\/24"}],"collection":[{"href":"https:\/\/ramiengala.de\/index.php\/wp-json\/wp\/v2\/pages"}],"about":[{"href":"https:\/\/ramiengala.de\/index.php\/wp-json\/wp\/v2\/types\/page"}],"author":[{"embeddable":true,"href":"https:\/\/ramiengala.de\/index.php\/wp-json\/wp\/v2\/users\/2"}],"replies":[{"embeddable":true,"href":"https:\/\/ramiengala.de\/index.php\/wp-json\/wp\/v2\/comments?post=24"}],"version-history":[{"count":9,"href":"https:\/\/ramiengala.de\/index.php\/wp-json\/wp\/v2\/pages\/24\/revisions"}],"predecessor-version":[{"id":675,"href":"https:\/\/ramiengala.de\/index.php\/wp-json\/wp\/v2\/pages\/24\/revisions\/675"}],"wp:attachment":[{"href":"https:\/\/ramiengala.de\/index.php\/wp-json\/wp\/v2\/media?parent=24"}],"curies":[{"name":"wp","href":"https:\/\/api.w.org\/{rel}","templated":true}]}}