{"id":11,"date":"2020-01-29T10:31:13","date_gmt":"2020-01-29T10:31:13","guid":{"rendered":"https:\/\/ramiengala.de\/?page_id=11"},"modified":"2022-06-29T12:00:43","modified_gmt":"2022-06-29T12:00:43","slug":"startseite","status":"publish","type":"page","link":"https:\/\/ramiengala.de\/","title":{"rendered":"Startseite"},"content":{"rendered":"<div  id=\"accordion_slider_1\"  class='aviaccordion aviaccordion-title-active  ' style='max-height:430px' data-av-maxheight='430' data-autoplay='true' data-interval='5'   itemscope=\"itemscope\" itemtype=\"https:\/\/schema.org\/Blog\" ><ul class='aviaccordion-inner'><li class='aviaccordion-slide aviaccordion-slide-1' style='left:0%' data-av-left='0'  itemscope=\"itemscope\" itemtype=\"https:\/\/schema.org\/CreativeWork\" ><a class='aviaccordion-slide-link noHover' href='' ><div class='aviaccordion-preview  ' style='width:13.1%'><\/div><img loading=\"lazy\" decoding=\"async\" width=\"560\" height=\"430\" src=\"https:\/\/ramiengala.de\/wp-content\/uploads\/2020\/01\/Rebecca-Praktikantin-Ramiengala-Oldenburg-F\u00fchlen-Fotorechte-GaLa-Bau-Verband-Ramiengala.de-Oldenburg-560x430.png\" class=\"aviaccordion-image\" alt=\"gartenbau_ramien_oldenburg_rebecca_galabau_verband\" \/><\/a><\/li><li class='aviaccordion-slide aviaccordion-slide-2' style='left:12.5%' data-av-left='12.5'  itemscope=\"itemscope\" itemtype=\"https:\/\/schema.org\/CreativeWork\" ><a class='aviaccordion-slide-link noHover' href='' ><div class='aviaccordion-preview  ' style='width:13.1%'><\/div><img loading=\"lazy\" decoding=\"async\" width=\"1280\" height=\"430\" src=\"https:\/\/ramiengala.de\/wp-content\/uploads\/2020\/01\/G\u00e4rtner-Rasenschnitt-Pixabay-Pexels-garden-2179095_1280-1280x430.jpg\" class=\"aviaccordion-image\" alt=\"\" \/><\/a><\/li><li class='aviaccordion-slide aviaccordion-slide-3' style='left:25%' data-av-left='25'  itemscope=\"itemscope\" itemtype=\"https:\/\/schema.org\/CreativeWork\" ><a class='aviaccordion-slide-link noHover' href='' ><div class='aviaccordion-preview  ' style='width:13.1%'><\/div><img loading=\"lazy\" decoding=\"async\" width=\"567\" height=\"430\" src=\"https:\/\/ramiengala.de\/wp-content\/uploads\/2020\/01\/Familiengarten-Fotorechte-GaLa-Bau-Verband-Ramiengala.de-Oldenburg-567x430.png\" class=\"aviaccordion-image\" alt=\"familiengarten_oldenburg_ramiengala_foto_galabau_verband\" \/><\/a><\/li><li class='aviaccordion-slide aviaccordion-slide-4' style='left:37.5%' data-av-left='37.5'  itemscope=\"itemscope\" itemtype=\"https:\/\/schema.org\/CreativeWork\" ><a class='aviaccordion-slide-link noHover' href='' ><div class='aviaccordion-preview  ' style='width:13.1%'><\/div><img loading=\"lazy\" decoding=\"async\" width=\"1280\" height=\"430\" src=\"https:\/\/ramiengala.de\/wp-content\/uploads\/2020\/01\/Laubentfernung-Pixabay-Peggy-Choucair-computing-3795962_1280-1280x430.jpg\" class=\"aviaccordion-image\" alt=\"\" \/><\/a><\/li><li class='aviaccordion-slide aviaccordion-slide-5' style='left:50%' data-av-left='50'  itemscope=\"itemscope\" itemtype=\"https:\/\/schema.org\/CreativeWork\" ><a class='aviaccordion-slide-link noHover' href='' ><div class='aviaccordion-preview  ' style='width:13.1%'><\/div><img loading=\"lazy\" decoding=\"async\" width=\"1280\" height=\"430\" src=\"https:\/\/ramiengala.de\/wp-content\/uploads\/2020\/01\/Pflanzenschnitt-Pixabay-Germans-A\u013ce\u0146ins-summer-3623282_1280-1280x430.jpg\" class=\"aviaccordion-image\" alt=\"\" \/><\/a><\/li><li class='aviaccordion-slide aviaccordion-slide-6' style='left:62.5%' data-av-left='62.5'  itemscope=\"itemscope\" itemtype=\"https:\/\/schema.org\/CreativeWork\" ><a class='aviaccordion-slide-link noHover' href='' ><div class='aviaccordion-preview  ' style='width:13.1%'><\/div><img loading=\"lazy\" decoding=\"async\" width=\"1280\" height=\"430\" src=\"https:\/\/ramiengala.de\/wp-content\/uploads\/2020\/01\/Picabay-Pexels-child-1867463_1280-1280x430.jpg\" class=\"aviaccordion-image\" alt=\"\" \/><\/a><\/li><li class='aviaccordion-slide aviaccordion-slide-7' style='left:75%' data-av-left='75'  itemscope=\"itemscope\" itemtype=\"https:\/\/schema.org\/CreativeWork\" ><a class='aviaccordion-slide-link noHover' href='' ><div class='aviaccordion-preview  ' style='width:13.1%'><\/div><img loading=\"lazy\" decoding=\"async\" width=\"1280\" height=\"430\" src=\"https:\/\/ramiengala.de\/wp-content\/uploads\/2020\/01\/Magnolienbl\u00fcten-Pixabay-Felix-Mittermeier-flower-3339266_1280-1280x430.jpg\" class=\"aviaccordion-image\" alt=\"\" \/><\/a><\/li><li class='aviaccordion-slide aviaccordion-slide-8' style='left:87.5%' data-av-left='87.5'  itemscope=\"itemscope\" itemtype=\"https:\/\/schema.org\/CreativeWork\" ><a class='aviaccordion-slide-link noHover' href='' ><div class='aviaccordion-preview  ' style='width:13.1%'><\/div><img loading=\"lazy\" decoding=\"async\" width=\"1280\" height=\"430\" src=\"https:\/\/ramiengala.de\/wp-content\/uploads\/2020\/01\/Garten-Pixabay-Cocoparisienne-garden-274534_1280-1280x430.jpg\" class=\"aviaccordion-image\" alt=\"\" \/><\/a><\/li><\/ul><div class='aviaccordion-spacer' style='padding-bottom:28.666666666667%'><\/div><\/div>\n<div  style='padding-bottom:10px; color:#8bba34;' class='av-special-heading av-special-heading-h3 custom-color-heading blockquote classic-quote  avia-builder-el-1  el_after_av_slideshow_accordion  el_before_av_one_fourth  avia-builder-el-first  '><h3 class='av-special-heading-tag '  itemprop=\"headline\"  >Herzlich willkommen bei GaLa-Bau Udo Ramien<br \/>\nIhr Experte f\u00fcr Garten <span class='special_amp'>&amp;<\/span> Landschaft.<\/h3><div class='special-heading-border'><div class='special-heading-inner-border' style='border-color:#8bba34'><\/div><\/div><\/div>\n<div class=\"flex_column av_one_fourth  flex_column_div av-zero-column-padding first  avia-builder-el-2  el_after_av_heading  el_before_av_one_half  \" style='border-radius:0px; '><\/div>\n<div class=\"flex_column av_one_half  flex_column_div av-zero-column-padding   avia-builder-el-3  el_after_av_one_fourth  el_before_av_one_fourth  \" style='border-radius:0px; '><section class=\"av_textblock_section \"  itemscope=\"itemscope\" itemtype=\"https:\/\/schema.org\/CreativeWork\" ><div class='avia_textblock  '   itemprop=\"text\" ><p>Unser Unternehmen ist Ihr zuverl\u00e4ssiger Partner f\u00fcr Garten- und Landschaftsbau in Oldenburg (Niedersachsen) und Umgebung.<\/p>\n<p>Udo Ramien Garten- und Landschaftsbau GmbH wird in 4. bzw. 5. Generation gef\u00fchrt von <strong>Lutz Haferkamp<\/strong> &amp; <a href=\"https:\/\/www.facebook.com\/martin.haferkamp\" target=\"_blank\" rel=\"noopener noreferrer\"><strong>Martin Haferkamp<\/strong><\/a><\/p>\n<p>Wir sind ein <a href=\"https:\/\/www.galabau-nordwest.de\/fachbetriebssuche.aspx?stringPlz=26135\" target=\"_blank\" rel=\"noopener noreferrer\"><strong>Meisterbetrieb<\/strong><\/a> und nutzen hochwertige und nat\u00fcrliche Baustoffe. Unsere Mitarbeiter sind qualifiziert, aktuell geschult und mit Leidenschaft bei der Arbeit.<\/p>\n<p>Als kompetenter Partner setzen wir Ihre Projekte zuverl\u00e4ssig und termingerecht um. Erfahren Sie mehr \u00fcber unsere <a href=\"https:\/\/ramiengala.de\/index.php\/leistungen\/\" target=\"_blank\" rel=\"noopener\"><span style=\"color: #000080;\">Leistungen<\/span><\/a> und vereinbaren Sie gerne noch heute einen Beratungstermin unter <strong>Tel.: 0441-83913<\/strong> oder \u00fcber unser <a href=\"https:\/\/ramiengala.de\/index.php\/kontakt\/\" target=\"_blank\" rel=\"noopener\"><span style=\"color: #000080;\">Kontaktformular<\/span><\/a>. <b>Wir freuen uns auf Ihre Anfrage!<\/b><\/p>\n<\/div><\/section><\/div><div class=\"flex_column av_one_fourth  flex_column_div av-zero-column-padding   avia-builder-el-5  el_after_av_one_half  el_before_av_section  avia-builder-el-last  \" style='border-radius:0px; '><\/div><\/p>\n<\/div><\/div><\/div><!-- close content main div --><\/div><\/div><div id='av_section_1'  class='avia-section main_color avia-section-default avia-no-border-styling  av-parallax-section avia-bg-style-parallax  avia-builder-el-6  el_after_av_one_fourth  el_before_av_one_half   av-minimum-height av-minimum-height-custom  container_wrap fullsize' style=' '  data-section-bg-repeat='no-repeat'><div class='av-parallax' data-avia-parallax-ratio='0.3' ><div class='av-parallax-inner main_color  avia-full-stretch' style = 'background-repeat: no-repeat; background-image: url(https:\/\/ramiengala.de\/wp-content\/uploads\/2020\/01\/trees-3464777_-scaled.jpg);background-attachment: scroll; background-position: top left; ' ><\/div><\/div><div class='container' style='height:50px'><div class='template-page content  av-content-full alpha units'><div class='post-entry post-entry-type-page post-entry-11'><div class='entry-content-wrapper clearfix'><\/div><\/div><\/div><!-- close content main div --><\/div><\/div><div id='after_section_1'  class='main_color av_default_container_wrap container_wrap fullsize' style=' '  ><div class='container' ><div class='template-page content  av-content-full alpha units'><div class='post-entry post-entry-type-page post-entry-11'><div class='entry-content-wrapper clearfix'>\n<div class=\"flex_column av_one_half  flex_column_div av-zero-column-padding first  avia-builder-el-7  el_after_av_section  el_before_av_one_fourth  avia-builder-el-first  \" style='border-radius:0px; '><p><div  style='padding-bottom:10px; ' class='av-special-heading av-special-heading-h3  blockquote classic-quote  avia-builder-el-8  el_before_av_textblock  avia-builder-el-first  '><h3 class='av-special-heading-tag '  itemprop=\"headline\"  >\u00d6ffentlich bestellter Sachverst\u00e4ndiger<\/h3><div class='special-heading-border'><div class='special-heading-inner-border' ><\/div><\/div><\/div><br \/>\n<section class=\"av_textblock_section \"  itemscope=\"itemscope\" itemtype=\"https:\/\/schema.org\/CreativeWork\" ><div class='avia_textblock  '   itemprop=\"text\" ><p>Unser Gesch\u00e4ftsf\u00fchrer <strong>Lutz Haferkamp<\/strong> ist <strong>\u00f6ffentlich bestellter, vereidigter Sachverst\u00e4ndiger<\/strong> f\u00fcr <strong>Baumpflege<\/strong>, <strong>Baumstatik<\/strong> und <strong>Wertermittlung<\/strong>. Bestellt durch die <a href=\"https:\/\/www.lwk-niedersachsen.de\/index.cfm\/action\/svliste\/parent\/160.html\" target=\"_blank\" rel=\"noopener noreferrer\">Landwirtschaftskammer Niedersachsen<\/a>. Bei uns sind Sie mit Ihrem Anliegen rund um den Garten- und Landschaftsbau somit in sehr guten H\u00e4nden. Nehmen Sie gerne <a href=\"https:\/\/ramiengala.de\/index.php\/kontakt\/\" target=\"_blank\" rel=\"noopener\">Kontakt<\/a> mit uns auf, wenn Sie einen Sachverst\u00e4ndigen f\u00fcr die Wertermittlung von Freianlagen, G\u00e4rten, Gr\u00fcnanlagen, Geh\u00f6lzen oder f\u00fcr sonstige Begutachtungen im Raum <a href=\"https:\/\/www.niedersachsen.de\/startseite\/land_leute\/das_land\/niedersachsen_in_bildern\/sudwestliches_niedersachsen\/-19874.html\" target=\"_blank\" rel=\"noopener noreferrer\">Niedersachsen &#8211; Oldenburger Land<\/a> | <a href=\"https:\/\/www.ammerland-touristik.de\/\" target=\"_blank\" rel=\"noopener noreferrer\">Ammerland<\/a> ben\u00f6tigen.<\/p>\n<p>Als <strong>Meister-Fachbetrieb<\/strong> stehen wir Ihnen in allen Fragen rund um den Garten- und Landschaftsbau gerne zur Verf\u00fcgung.<\/p>\n<\/div><\/section><\/p><\/div><div class=\"flex_column av_one_fourth  flex_column_div av-zero-column-padding   avia-builder-el-10  el_after_av_one_half  el_before_av_one_fourth  \" style='border-radius:0px; '><p><div  style='padding-bottom:10px; ' class='av-special-heading av-special-heading-h3  blockquote classic-quote  avia-builder-el-11  el_before_av_image  avia-builder-el-first  '><h3 class='av-special-heading-tag '  itemprop=\"headline\"  >Vorher<\/h3><div class='special-heading-border'><div class='special-heading-inner-border' ><\/div><\/div><\/div><br \/>\n<div  class='avia-image-container  av-styling-    avia-builder-el-12  el_after_av_heading  avia-builder-el-last  avia-align-center '  itemprop=\"image\" itemscope=\"itemscope\" itemtype=\"https:\/\/schema.org\/ImageObject\"  ><div class='avia-image-container-inner'><div class='avia-image-overlay-wrap'><img class='avia_image' src='https:\/\/ramiengala.de\/wp-content\/uploads\/2020\/01\/Ramiengala-Oldenburg-Terrasse-vorher-fb-300x225.jpg' alt='' title='Ramiengala Oldenburg Terrasse vorher fb' height=\"225\" width=\"300\"  itemprop=\"thumbnailUrl\"  \/><\/div><\/div><\/div><\/p><\/div><\/p>\n<div class=\"flex_column av_one_fourth  flex_column_div av-zero-column-padding   avia-builder-el-13  el_after_av_one_fourth  el_before_av_hr  \" style='border-radius:0px; '><p><div  style='padding-bottom:10px; ' class='av-special-heading av-special-heading-h3  blockquote classic-quote  avia-builder-el-14  el_before_av_image  avia-builder-el-first  '><h3 class='av-special-heading-tag '  itemprop=\"headline\"  >Nachher<\/h3><div class='special-heading-border'><div class='special-heading-inner-border' ><\/div><\/div><\/div><br \/>\n<div  class='avia-image-container  av-styling-    avia-builder-el-15  el_after_av_heading  avia-builder-el-last  avia-align-center '  itemprop=\"image\" itemscope=\"itemscope\" itemtype=\"https:\/\/schema.org\/ImageObject\"  ><div class='avia-image-container-inner'><div class='avia-image-overlay-wrap'><img class='avia_image' src='https:\/\/ramiengala.de\/wp-content\/uploads\/2020\/01\/Ramiengala-Oldenburg-Terrasse-nachher-fb-300x225.jpg' alt='' title='Ramiengala Oldenburg Terrasse nachher fb' height=\"225\" width=\"300\"  itemprop=\"thumbnailUrl\"  \/><\/div><\/div><\/div><\/p><\/div>\n<div   class='hr hr-default   avia-builder-el-16  el_after_av_one_fourth  el_before_av_one_fourth '><span class='hr-inner ' ><span class='hr-inner-style'><\/span><\/span><\/div>\n<div class=\"flex_column av_one_fourth  flex_column_div av-zero-column-padding first  avia-builder-el-17  el_after_av_hr  el_before_av_one_fourth  \" style='border-radius:0px; '><p><div  style='padding-bottom:10px; ' class='av-special-heading av-special-heading-h3  blockquote classic-quote  avia-builder-el-18  el_before_av_image  avia-builder-el-first  '><h3 class='av-special-heading-tag '  itemprop=\"headline\"  >Vorher<\/h3><div class='special-heading-border'><div class='special-heading-inner-border' ><\/div><\/div><\/div><br \/>\n<div  class='avia-image-container  av-styling-    avia-builder-el-19  el_after_av_heading  avia-builder-el-last  avia-align-center '  itemprop=\"image\" itemscope=\"itemscope\" itemtype=\"https:\/\/schema.org\/ImageObject\"  ><div class='avia-image-container-inner'><div class='avia-image-overlay-wrap'><img class='avia_image' src='https:\/\/ramiengala.de\/wp-content\/uploads\/2020\/02\/Udo-Ramien-Galabau-Oldenburg-Rollrasen-Garten-vorher-1.jpg' alt='garten oldenburg vorher rollrasen ramiengala' title='Udo Ramien Galabau Oldenburg Rollrasen Garten vorher' height=\"720\" width=\"960\"  itemprop=\"thumbnailUrl\"  \/><\/div><\/div><\/div><\/p><\/div>\n<div class=\"flex_column av_one_fourth  flex_column_div av-zero-column-padding   avia-builder-el-20  el_after_av_one_fourth  el_before_av_one_half  \" style='border-radius:0px; '><p><div  style='padding-bottom:10px; ' class='av-special-heading av-special-heading-h3  blockquote classic-quote  avia-builder-el-21  el_before_av_image  avia-builder-el-first  '><h3 class='av-special-heading-tag '  itemprop=\"headline\"  >Nachher<\/h3><div class='special-heading-border'><div class='special-heading-inner-border' ><\/div><\/div><\/div><br \/>\n<div  class='avia-image-container  av-styling-    avia-builder-el-22  el_after_av_heading  avia-builder-el-last  avia-align-center '  itemprop=\"image\" itemscope=\"itemscope\" itemtype=\"https:\/\/schema.org\/ImageObject\"  ><div class='avia-image-container-inner'><div class='avia-image-overlay-wrap'><img class='avia_image' src='https:\/\/ramiengala.de\/wp-content\/uploads\/2020\/02\/Udo-Ramien-Galabau-Oldenburg-Rollrasen-Garten-fb.jpg' alt='garten oldenburg nachher rollrasen + pflasterung ramiengala' title='Udo Ramien Galabau Oldenburg Rollrasen + Pflasterung n einem Garten privat' height=\"720\" width=\"960\"  itemprop=\"thumbnailUrl\"  \/><\/div><\/div><\/div><\/p><\/div>\n<div class=\"flex_column av_one_half  flex_column_div av-zero-column-padding   avia-builder-el-23  el_after_av_one_fourth  avia-builder-el-last  \" style='border-radius:0px; '><p><div  style='padding-bottom:10px; ' class='av-special-heading av-special-heading-h3  blockquote classic-quote  avia-builder-el-24  el_before_av_textblock  avia-builder-el-first  '><h3 class='av-special-heading-tag '  itemprop=\"headline\"  >125 Jahre Ramiengala<\/h3><div class='special-heading-border'><div class='special-heading-inner-border' ><\/div><\/div><\/div><br \/>\n<section class=\"av_textblock_section \"  itemscope=\"itemscope\" itemtype=\"https:\/\/schema.org\/CreativeWork\" ><div class='avia_textblock  '   itemprop=\"text\" ><p>Unser Unternehmen wurde 1896 in <a href=\"https:\/\/www.google.de\/search?biw=1920&amp;bih=925&amp;ei=O24-XtmdLIybkwWN_7TIBQ&amp;q=oldenburg+kirchhofstra%C3%9Fe&amp;oq=oldenburg+kirchhofstra%C3%9Fe&amp;gs_l=psy-ab.3..0j38l2.11655844.11659828..11660083...0.2..0.179.2354.17j7......0....1..gws-wiz.......0i71j0i67j0i131j0i3j0i22i30.F_WuapJNdag&amp;ved=0ahUKEwiZp5vswcHnAhWMzaQKHY0_DVkQ4dUDCAo&amp;uact=5\" target=\"_blank\" rel=\"noopener noreferrer\">Oldenburg<\/a> in der N\u00e4he des <a href=\"https:\/\/www.oldenburg.de\/startseite\/leben-umwelt\/familie\/kinder\/deine-stadt\/geschichtliches\/gebaeude-und-plaetze\/gertrudenfriedhof.html\" target=\"_blank\" rel=\"noopener noreferrer\">Gertrudenkirchhofs<\/a> gegr\u00fcndet und besch\u00e4ftigt aktuell 14 MitarbeiterInnen. Unterst\u00fctzt wird unser B\u00fcro durch <strong>Vera und Ulrike Haferkamp<\/strong>. Wir sind Mitglied und aktiv im Vorstand des Verbandes <a href=\"https:\/\/www.galabau-nordwest.de\/default-nordwest.aspx\" target=\"_blank\" rel=\"noopener noreferrer\">Garten- und Landschaftbau Niedersachsen \/ Bremen t\u00e4tig.<\/a><\/p>\n<p>Warum eine Mitgliedschaft im Branchenverband sinnvoll ist, erl\u00e4utert unser <strong>Gesch\u00e4ftsf\u00fchrer Lutz Haferkamp <\/strong><a href=\"https:\/\/www.youtube.com\/watch?v=98rcSsXGUCE\" target=\"_blank\" rel=\"noopener noreferrer\"><strong>hier &#8230;<\/strong><\/a><\/p>\n<p>Sie erreichen uns zu den <strong>\u00d6ffnungszeiten Mo. &#8211; Do. 8:00 &#8211; 16:00 Uhr, Fr. 8:00-15:00 Uhr <\/strong>unter <strong>Tel.: 0441-83913 <\/strong>und nach vorheriger Terminvereinbarung.<strong><br \/>\n<\/strong><\/p>\n<\/div><\/section><\/p><\/div>\n","protected":false},"excerpt":{"rendered":"","protected":false},"author":2,"featured_media":0,"parent":0,"menu_order":0,"comment_status":"closed","ping_status":"closed","template":"","meta":{"_seopress_robots_primary_cat":"","_seopress_titles_title":"Udo Ramien Garten- und Landschaftsbau Oldenburg Niedersachsen","_seopress_titles_desc":"Herzlich willkommen bei GaLa-Bau Udo Ramien. Wir sind Ihr zuverl\u00e4ssiger Partner f\u00fcr Garten- und Landschaftsbau in Oldenburg (Niedersachsen) und Umgebung. \u260e 0441 83913 \u2713","_seopress_robots_index":"","footnotes":""},"class_list":["post-11","page","type-page","status-publish","hentry"],"_links":{"self":[{"href":"https:\/\/ramiengala.de\/index.php\/wp-json\/wp\/v2\/pages\/11"}],"collection":[{"href":"https:\/\/ramiengala.de\/index.php\/wp-json\/wp\/v2\/pages"}],"about":[{"href":"https:\/\/ramiengala.de\/index.php\/wp-json\/wp\/v2\/types\/page"}],"author":[{"embeddable":true,"href":"https:\/\/ramiengala.de\/index.php\/wp-json\/wp\/v2\/users\/2"}],"replies":[{"embeddable":true,"href":"https:\/\/ramiengala.de\/index.php\/wp-json\/wp\/v2\/comments?post=11"}],"version-history":[{"count":69,"href":"https:\/\/ramiengala.de\/index.php\/wp-json\/wp\/v2\/pages\/11\/revisions"}],"predecessor-version":[{"id":790,"href":"https:\/\/ramiengala.de\/index.php\/wp-json\/wp\/v2\/pages\/11\/revisions\/790"}],"wp:attachment":[{"href":"https:\/\/ramiengala.de\/index.php\/wp-json\/wp\/v2\/media?parent=11"}],"curies":[{"name":"wp","href":"https:\/\/api.w.org\/{rel}","templated":true}]}}